{"id":7,"date":"2026-01-26T07:57:52","date_gmt":"2026-01-26T07:57:52","guid":{"rendered":"https:\/\/pomoc.serwispol.pl\/?page_id=7"},"modified":"2026-02-04T13:03:38","modified_gmt":"2026-02-04T13:03:38","slug":"strona-domowa","status":"publish","type":"page","link":"https:\/\/pomoc.serwispol.pl\/","title":{"rendered":"Strona domowa"},"content":{"rendered":"\t\t<div data-elementor-type=\"wp-page\" data-elementor-id=\"7\" class=\"elementor elementor-7\">\n\t\t\t\t<div class=\"elementor-element elementor-element-03c5103 e-grid e-con-boxed e-con e-parent\" data-id=\"03c5103\" data-element_type=\"container\" data-e-type=\"container\">\n\t\t\t\t\t<div class=\"e-con-inner\">\n\t\t\t\t<div class=\"elementor-element elementor-element-dcbef21 elementor-widget elementor-widget-text-editor\" data-id=\"dcbef21\" data-element_type=\"widget\" data-e-type=\"widget\" data-widget_type=\"text-editor.default\">\n\t\t\t\t\t\t\t\t\t<p>Witamy na stronie <br \/>Pomocy firmy Serwispol.<\/p><p>Pobierz program RustDesk<br \/>i post\u0119puj zgodnie z poni\u017csz\u0105 instrukcj\u0105 obs\u0142ugi.<\/p>\t\t\t\t\t\t\t\t<\/div>\n\t\t\t\t<div class=\"elementor-element elementor-element-ec569a3 elementor-widget elementor-widget-image\" data-id=\"ec569a3\" data-element_type=\"widget\" data-e-type=\"widget\" data-widget_type=\"image.default\">\n\t\t\t\t\t\t\t\t\t\t\t\t\t\t\t<img fetchpriority=\"high\" decoding=\"async\" width=\"300\" height=\"259\" src=\"https:\/\/pomoc.serwispol.pl\/wp-content\/uploads\/2026\/01\/Zrzut-ekranu-2026-01-26-094929-300x259.png\" class=\"attachment-medium size-medium wp-image-56\" alt=\"\" srcset=\"https:\/\/pomoc.serwispol.pl\/wp-content\/uploads\/2026\/01\/Zrzut-ekranu-2026-01-26-094929-300x259.png 300w, https:\/\/pomoc.serwispol.pl\/wp-content\/uploads\/2026\/01\/Zrzut-ekranu-2026-01-26-094929-768x662.png 768w, https:\/\/pomoc.serwispol.pl\/wp-content\/uploads\/2026\/01\/Zrzut-ekranu-2026-01-26-094929.png 893w\" sizes=\"(max-width: 300px) 100vw, 300px\" \/>\t\t\t\t\t\t\t\t\t\t\t\t\t\t\t<\/div>\n\t\t\t\t\t<\/div>\n\t\t\t\t<\/div>\n\t\t<div class=\"elementor-element elementor-element-f25e89c e-flex e-con-boxed e-con e-parent\" data-id=\"f25e89c\" data-element_type=\"container\" data-e-type=\"container\">\n\t\t\t\t\t<div class=\"e-con-inner\">\n\t\t\t\t<div class=\"elementor-element elementor-element-69d5fe7 elementor-widget elementor-widget-spacer\" data-id=\"69d5fe7\" data-element_type=\"widget\" data-e-type=\"widget\" data-widget_type=\"spacer.default\">\n\t\t\t\t\t\t\t<div class=\"elementor-spacer\">\n\t\t\t<div class=\"elementor-spacer-inner\"><\/div>\n\t\t<\/div>\n\t\t\t\t\t\t<\/div>\n\t\t\t\t\t<\/div>\n\t\t\t\t<\/div>\n\t\t<div class=\"elementor-element elementor-element-273b830 e-flex e-con-boxed e-con e-parent\" data-id=\"273b830\" data-element_type=\"container\" data-e-type=\"container\">\n\t\t\t\t\t<div class=\"e-con-inner\">\n\t\t\t\t<div class=\"elementor-element elementor-element-a88f3ba elementor-widget elementor-widget-spacer\" data-id=\"a88f3ba\" data-element_type=\"widget\" data-e-type=\"widget\" data-widget_type=\"spacer.default\">\n\t\t\t\t\t\t\t<div class=\"elementor-spacer\">\n\t\t\t<div class=\"elementor-spacer-inner\"><\/div>\n\t\t<\/div>\n\t\t\t\t\t\t<\/div>\n\t\t\t\t<div class=\"elementor-element elementor-element-4b41f27 elementor-widget elementor-widget-text-editor\" data-id=\"4b41f27\" data-element_type=\"widget\" data-e-type=\"widget\" data-widget_type=\"text-editor.default\">\n\t\t\t\t\t\t\t\t\t<div>Pobierz program RustDesk<\/div>\t\t\t\t\t\t\t\t<\/div>\n\t\t\t\t<div class=\"elementor-element elementor-element-d5031ab elementor-align-center elementor-widget elementor-widget-button\" data-id=\"d5031ab\" data-element_type=\"widget\" data-e-type=\"widget\" data-widget_type=\"button.default\">\n\t\t\t\t\t\t\t\t\t\t<a class=\"elementor-button elementor-button-link elementor-size-sm\" href=\"\/rustdeskswp.exe\">\n\t\t\t\t\t\t<span class=\"elementor-button-content-wrapper\">\n\t\t\t\t\t\t\t\t\t<span class=\"elementor-button-text\">Kliknij tutaj aby pobra\u0107 RustDesk<\/span>\n\t\t\t\t\t<\/span>\n\t\t\t\t\t<\/a>\n\t\t\t\t\t\t\t\t<\/div>\n\t\t\t\t<div class=\"elementor-element elementor-element-b10799b elementor-align-center elementor-widget elementor-widget-button\" data-id=\"b10799b\" data-element_type=\"widget\" data-e-type=\"widget\" data-widget_type=\"button.default\">\n\t\t\t\t\t\t\t\t\t\t<a class=\"elementor-button elementor-button-link elementor-size-sm\" href=\"\/RustdeskFIX3.EXE\">\n\t\t\t\t\t\t<span class=\"elementor-button-content-wrapper\">\n\t\t\t\t\t\t\t\t\t<span class=\"elementor-button-text\">Pobierz FIX<\/span>\n\t\t\t\t\t<\/span>\n\t\t\t\t\t<\/a>\n\t\t\t\t\t\t\t\t<\/div>\n\t\t\t\t<div class=\"elementor-element elementor-element-178bd95 elementor-widget elementor-widget-spacer\" data-id=\"178bd95\" data-element_type=\"widget\" data-e-type=\"widget\" data-widget_type=\"spacer.default\">\n\t\t\t\t\t\t\t<div class=\"elementor-spacer\">\n\t\t\t<div class=\"elementor-spacer-inner\"><\/div>\n\t\t<\/div>\n\t\t\t\t\t\t<\/div>\n\t\t\t\t\t<\/div>\n\t\t\t\t<\/div>\n\t\t<div class=\"elementor-element elementor-element-ec0e57a e-grid e-con-boxed e-con e-parent\" data-id=\"ec0e57a\" data-element_type=\"container\" data-e-type=\"container\">\n\t\t\t\t\t<div class=\"e-con-inner\">\n\t\t\t\t<div class=\"elementor-element elementor-element-00eeb9d elementor-widget elementor-widget-spacer\" data-id=\"00eeb9d\" data-element_type=\"widget\" data-e-type=\"widget\" data-widget_type=\"spacer.default\">\n\t\t\t\t\t\t\t<div class=\"elementor-spacer\">\n\t\t\t<div class=\"elementor-spacer-inner\"><\/div>\n\t\t<\/div>\n\t\t\t\t\t\t<\/div>\n\t\t\t\t<div class=\"elementor-element elementor-element-fc651df elementor-widget elementor-widget-heading\" data-id=\"fc651df\" data-element_type=\"widget\" data-e-type=\"widget\" data-widget_type=\"heading.default\">\n\t\t\t\t\t<h2 class=\"elementor-heading-title elementor-size-default\">Instrukcja pobrania i uruchomienia<\/h2>\t\t\t\t<\/div>\n\t\t\t\t\t<\/div>\n\t\t\t\t<\/div>\n\t\t<div class=\"elementor-element elementor-element-1c81296 e-flex e-con-boxed e-con e-parent\" data-id=\"1c81296\" data-element_type=\"container\" data-e-type=\"container\">\n\t\t\t\t\t<div class=\"e-con-inner\">\n\t\t\t\t<div class=\"elementor-element elementor-element-9ba6512 elementor-widget elementor-widget-text-editor\" data-id=\"9ba6512\" data-element_type=\"widget\" data-e-type=\"widget\" data-widget_type=\"text-editor.default\">\n\t\t\t\t\t\t\t\t\t<p>Pobierz plik. Znajdziesz go w explorerze w folderze Pobrane.<\/p>\t\t\t\t\t\t\t\t<\/div>\n\t\t\t\t<div class=\"elementor-element elementor-element-4d8e0b4 elementor-widget elementor-widget-image\" data-id=\"4d8e0b4\" data-element_type=\"widget\" data-e-type=\"widget\" data-widget_type=\"image.default\">\n\t\t\t\t\t\t\t\t\t\t\t\t\t\t\t<img decoding=\"async\" width=\"801\" height=\"633\" src=\"https:\/\/pomoc.serwispol.pl\/wp-content\/uploads\/2026\/01\/Zrzut-ekranu-2026-01-26-085131.png\" class=\"attachment-large size-large wp-image-33\" alt=\"\" srcset=\"https:\/\/pomoc.serwispol.pl\/wp-content\/uploads\/2026\/01\/Zrzut-ekranu-2026-01-26-085131.png 801w, https:\/\/pomoc.serwispol.pl\/wp-content\/uploads\/2026\/01\/Zrzut-ekranu-2026-01-26-085131-300x237.png 300w, https:\/\/pomoc.serwispol.pl\/wp-content\/uploads\/2026\/01\/Zrzut-ekranu-2026-01-26-085131-768x607.png 768w\" sizes=\"(max-width: 801px) 100vw, 801px\" \/>\t\t\t\t\t\t\t\t\t\t\t\t\t\t\t<\/div>\n\t\t\t\t\t<\/div>\n\t\t\t\t<\/div>\n\t\t<div class=\"elementor-element elementor-element-aef1bda e-flex e-con-boxed e-con e-parent\" data-id=\"aef1bda\" data-element_type=\"container\" data-e-type=\"container\">\n\t\t\t\t\t<div class=\"e-con-inner\">\n\t\t\t\t<div class=\"elementor-element elementor-element-13caaad elementor-widget elementor-widget-text-editor\" data-id=\"13caaad\" data-element_type=\"widget\" data-e-type=\"widget\" data-widget_type=\"text-editor.default\">\n\t\t\t\t\t\t\t\t\t<p>W nowo otwartym oknie wybierz z lewej strony Zainstaluj.<\/p>\t\t\t\t\t\t\t\t<\/div>\n\t\t\t\t<div class=\"elementor-element elementor-element-dcd6dda elementor-widget elementor-widget-image\" data-id=\"dcd6dda\" data-element_type=\"widget\" data-e-type=\"widget\" data-widget_type=\"image.default\">\n\t\t\t\t\t\t\t\t\t\t\t\t\t\t\t<img decoding=\"async\" width=\"786\" height=\"585\" src=\"https:\/\/pomoc.serwispol.pl\/wp-content\/uploads\/2026\/01\/Zrzut-ekranu-2026-01-26-084858.png\" class=\"attachment-large size-large wp-image-30\" alt=\"\" srcset=\"https:\/\/pomoc.serwispol.pl\/wp-content\/uploads\/2026\/01\/Zrzut-ekranu-2026-01-26-084858.png 786w, https:\/\/pomoc.serwispol.pl\/wp-content\/uploads\/2026\/01\/Zrzut-ekranu-2026-01-26-084858-300x223.png 300w, https:\/\/pomoc.serwispol.pl\/wp-content\/uploads\/2026\/01\/Zrzut-ekranu-2026-01-26-084858-768x572.png 768w\" sizes=\"(max-width: 786px) 100vw, 786px\" \/>\t\t\t\t\t\t\t\t\t\t\t\t\t\t\t<\/div>\n\t\t\t\t\t<\/div>\n\t\t\t\t<\/div>\n\t\t<div class=\"elementor-element elementor-element-38642c0 e-flex e-con-boxed e-con e-parent\" data-id=\"38642c0\" data-element_type=\"container\" data-e-type=\"container\">\n\t\t\t\t\t<div class=\"e-con-inner\">\n\t\t\t\t<div class=\"elementor-element elementor-element-cf33ce4 elementor-widget elementor-widget-text-editor\" data-id=\"cf33ce4\" data-element_type=\"widget\" data-e-type=\"widget\" data-widget_type=\"text-editor.default\">\n\t\t\t\t\t\t\t\t\t<p>Kliknij przycisk Akceptuj i zainstaluj.<\/p>\t\t\t\t\t\t\t\t<\/div>\n\t\t\t\t<div class=\"elementor-element elementor-element-e46f70b elementor-widget elementor-widget-image\" data-id=\"e46f70b\" data-element_type=\"widget\" data-e-type=\"widget\" data-widget_type=\"image.default\">\n\t\t\t\t\t\t\t\t\t\t\t\t\t\t\t<img loading=\"lazy\" decoding=\"async\" width=\"781\" height=\"587\" src=\"https:\/\/pomoc.serwispol.pl\/wp-content\/uploads\/2026\/01\/Zrzut-ekranu-2026-01-26-085002.png\" class=\"attachment-large size-large wp-image-31\" alt=\"\" srcset=\"https:\/\/pomoc.serwispol.pl\/wp-content\/uploads\/2026\/01\/Zrzut-ekranu-2026-01-26-085002.png 781w, https:\/\/pomoc.serwispol.pl\/wp-content\/uploads\/2026\/01\/Zrzut-ekranu-2026-01-26-085002-300x225.png 300w, https:\/\/pomoc.serwispol.pl\/wp-content\/uploads\/2026\/01\/Zrzut-ekranu-2026-01-26-085002-768x577.png 768w\" sizes=\"(max-width: 781px) 100vw, 781px\" \/>\t\t\t\t\t\t\t\t\t\t\t\t\t\t\t<\/div>\n\t\t\t\t\t<\/div>\n\t\t\t\t<\/div>\n\t\t<div class=\"elementor-element elementor-element-9a498d3 e-flex e-con-boxed e-con e-parent\" data-id=\"9a498d3\" data-element_type=\"container\" data-e-type=\"container\">\n\t\t\t\t\t<div class=\"e-con-inner\">\n\t\t\t\t<div class=\"elementor-element elementor-element-dca8db4 elementor-widget elementor-widget-text-editor\" data-id=\"dca8db4\" data-element_type=\"widget\" data-e-type=\"widget\" data-widget_type=\"text-editor.default\">\n\t\t\t\t\t\t\t\t\t<p>Podaj identyfikator ID, kt\u00f3ry pos\u0142u\u017cy do po\u0142\u0105czenia si\u0119 z Twoim komputerem.<\/p>\t\t\t\t\t\t\t\t<\/div>\n\t\t\t\t<div class=\"elementor-element elementor-element-463cc4d elementor-widget elementor-widget-image\" data-id=\"463cc4d\" data-element_type=\"widget\" data-e-type=\"widget\" data-widget_type=\"image.default\">\n\t\t\t\t\t\t\t\t\t\t\t\t\t\t\t<img loading=\"lazy\" decoding=\"async\" width=\"783\" height=\"592\" src=\"https:\/\/pomoc.serwispol.pl\/wp-content\/uploads\/2026\/01\/Zrzut-ekranu-2026-01-26-085047.png\" class=\"attachment-large size-large wp-image-32\" alt=\"\" srcset=\"https:\/\/pomoc.serwispol.pl\/wp-content\/uploads\/2026\/01\/Zrzut-ekranu-2026-01-26-085047.png 783w, https:\/\/pomoc.serwispol.pl\/wp-content\/uploads\/2026\/01\/Zrzut-ekranu-2026-01-26-085047-300x227.png 300w, https:\/\/pomoc.serwispol.pl\/wp-content\/uploads\/2026\/01\/Zrzut-ekranu-2026-01-26-085047-768x581.png 768w\" sizes=\"(max-width: 783px) 100vw, 783px\" \/>\t\t\t\t\t\t\t\t\t\t\t\t\t\t\t<\/div>\n\t\t\t\t\t<\/div>\n\t\t\t\t<\/div>\n\t\t<div class=\"elementor-element elementor-element-ecfe2d7 e-grid e-con-boxed e-con e-parent\" data-id=\"ecfe2d7\" data-element_type=\"container\" data-e-type=\"container\">\n\t\t\t\t\t<div class=\"e-con-inner\">\n\t\t\t\t<div class=\"elementor-element elementor-element-bbc195d elementor-widget elementor-widget-spacer\" data-id=\"bbc195d\" data-element_type=\"widget\" data-e-type=\"widget\" data-widget_type=\"spacer.default\">\n\t\t\t\t\t\t\t<div class=\"elementor-spacer\">\n\t\t\t<div class=\"elementor-spacer-inner\"><\/div>\n\t\t<\/div>\n\t\t\t\t\t\t<\/div>\n\t\t\t\t<div class=\"elementor-element elementor-element-d141210 elementor-align-center elementor-widget elementor-widget-button\" data-id=\"d141210\" data-element_type=\"widget\" data-e-type=\"widget\" data-widget_type=\"button.default\">\n\t\t\t\t\t\t\t\t\t\t<a class=\"elementor-button elementor-button-link elementor-size-sm\" href=\"https:\/\/pomoc.serwispol.pl\/index.php\/fix\/\">\n\t\t\t\t\t\t<span class=\"elementor-button-content-wrapper\">\n\t\t\t\t\t\t\t\t\t<span class=\"elementor-button-text\">FIX TXT<\/span>\n\t\t\t\t\t<\/span>\n\t\t\t\t\t<\/a>\n\t\t\t\t\t\t\t\t<\/div>\n\t\t\t\t\t<\/div>\n\t\t\t\t<\/div>\n\t\t\t\t<\/div>\n\t\t","protected":false},"excerpt":{"rendered":"<p>Witamy na stronie Pomocy firmy Serwispol. Pobierz program RustDeski post\u0119puj zgodnie z poni\u017csz\u0105 instrukcj\u0105 obs\u0142ugi. Pobierz program RustDesk Kliknij tutaj [&hellip;]<\/p>\n","protected":false},"author":1,"featured_media":0,"parent":0,"menu_order":0,"comment_status":"closed","ping_status":"closed","template":"","meta":{"site-sidebar-layout":"no-sidebar","site-content-layout":"plain-container","ast-site-content-layout":"default","site-content-style":"default","site-sidebar-style":"default","ast-global-header-display":"","ast-banner-title-visibility":"","ast-main-header-display":"","ast-hfb-above-header-display":"","ast-hfb-below-header-display":"","ast-hfb-mobile-header-display":"","site-post-title":"","ast-breadcrumbs-content":"","ast-featured-img":"","footer-sml-layout":"","ast-disable-related-posts":"","theme-transparent-header-meta":"enabled","adv-header-id-meta":"","stick-header-meta":"","header-above-stick-meta":"","header-main-stick-meta":"","header-below-stick-meta":"","astra-migrate-meta-layouts":"default","ast-page-background-enabled":"default","ast-page-background-meta":{"desktop":{"background-color":"var(--ast-global-color-5)","background-image":"","background-repeat":"repeat","background-position":"center center","background-size":"auto","background-attachment":"scroll","background-type":"","background-media":"","overlay-type":"","overlay-color":"","overlay-opacity":"","overlay-gradient":""},"tablet":{"background-color":"","background-image":"","background-repeat":"repeat","background-position":"center center","background-size":"auto","background-attachment":"scroll","background-type":"","background-media":"","overlay-type":"","overlay-color":"","overlay-opacity":"","overlay-gradient":""},"mobile":{"background-color":"","background-image":"","background-repeat":"repeat","background-position":"center center","background-size":"auto","background-attachment":"scroll","background-type":"","background-media":"","overlay-type":"","overlay-color":"","overlay-opacity":"","overlay-gradient":""}},"ast-content-background-meta":{"desktop":{"background-color":"var(--ast-global-color-4)","background-image":"","background-repeat":"repeat","background-position":"center center","background-size":"auto","background-attachment":"scroll","background-type":"","background-media":"","overlay-type":"","overlay-color":"","overlay-opacity":"","overlay-gradient":""},"tablet":{"background-color":"var(--ast-global-color-4)","background-image":"","background-repeat":"repeat","background-position":"center center","background-size":"auto","background-attachment":"scroll","background-type":"","background-media":"","overlay-type":"","overlay-color":"","overlay-opacity":"","overlay-gradient":""},"mobile":{"background-color":"var(--ast-global-color-4)","background-image":"","background-repeat":"repeat","background-position":"center center","background-size":"auto","background-attachment":"scroll","background-type":"","background-media":"","overlay-type":"","overlay-color":"","overlay-opacity":"","overlay-gradient":""}},"footnotes":""},"class_list":["post-7","page","type-page","status-publish","hentry"],"_links":{"self":[{"href":"https:\/\/pomoc.serwispol.pl\/index.php\/wp-json\/wp\/v2\/pages\/7","targetHints":{"allow":["GET"]}}],"collection":[{"href":"https:\/\/pomoc.serwispol.pl\/index.php\/wp-json\/wp\/v2\/pages"}],"about":[{"href":"https:\/\/pomoc.serwispol.pl\/index.php\/wp-json\/wp\/v2\/types\/page"}],"author":[{"embeddable":true,"href":"https:\/\/pomoc.serwispol.pl\/index.php\/wp-json\/wp\/v2\/users\/1"}],"replies":[{"embeddable":true,"href":"https:\/\/pomoc.serwispol.pl\/index.php\/wp-json\/wp\/v2\/comments?post=7"}],"version-history":[{"count":76,"href":"https:\/\/pomoc.serwispol.pl\/index.php\/wp-json\/wp\/v2\/pages\/7\/revisions"}],"predecessor-version":[{"id":155,"href":"https:\/\/pomoc.serwispol.pl\/index.php\/wp-json\/wp\/v2\/pages\/7\/revisions\/155"}],"wp:attachment":[{"href":"https:\/\/pomoc.serwispol.pl\/index.php\/wp-json\/wp\/v2\/media?parent=7"}],"curies":[{"name":"wp","href":"https:\/\/api.w.org\/{rel}","templated":true}]}}